{"id":416,"date":"2025-02-27T11:08:07","date_gmt":"2025-02-27T11:08:07","guid":{"rendered":"https:\/\/donate.stingcompanyfoundation.com\/?post_type=product&#038;p=416"},"modified":"2025-02-27T11:08:07","modified_gmt":"2025-02-27T11:08:07","slug":"10k-eur-donate-darowizna-2","status":"publish","type":"product","link":"https:\/\/donate.stingcompanyfoundation.com\/index.php\/produkt\/10k-eur-donate-darowizna-2\/","title":{"rendered":"10K EUR &#8211; Donate &#8211; Darowizna"},"content":{"rendered":"<p>10,000 EUR &#8211; Donate &#8211; Darowizna<\/p>\n<p>Przeka\u017c darowizn\u0119 w wysoko\u015bci 10,000 EUR na cele statutowe Fundacji Sting Company Foundation<\/p>\n<p>Informacje z regulaminu na temat darowizny:<\/p>\n<ol>\n<li>Klient (Darczy\u0144ca) przekazuj\u0105c \u015brodki finansowe lub rzeczowe dokonuje darowizny w rozumieniu art. 888 ust. 1 kodeksu cywilnego. Umowa ta polega zatem na zobowi\u0105zaniu si\u0119 do przez Darczy\u0144c\u0119 do bezp\u0142atnego \u015bwiadczenia na rzecz obdarowanego (Fundacja) kosztem swego maj\u0105tku (Darowizna).<\/li>\n<li>W przypadku darowizny \u015brodk\u00f3w finansowych, dokonanie przelewu \u015brodk\u00f3w finansowych, skutkuje wype\u0142nieniem przes\u0142anek art. 890 \u00a71 zd. drugie kodeksu cywilnego, co oznacza, \u017ce niezale\u017cnie od niezachowania formy aktu notarialnego, darowizna jest wa\u017cna i skuteczna bez wzgl\u0119du na form\u0119, w jakiej o\u015bwiadczenia stron zosta\u0142y z\u0142o\u017cone.<\/li>\n<\/ol>\n","protected":false},"excerpt":{"rendered":"<p>10,000 EUR &#8211; Donate &#8211; Darowizna<\/p>\n<p>Przeka\u017c darowizn\u0119 w wysoko\u015bci 10,000 EUR na cele statutowe Fundacji Sting Company Foundation<\/p>\n","protected":false},"featured_media":20,"comment_status":"open","ping_status":"closed","template":"","meta":[],"product_brand":[],"product_cat":[32,31],"product_tag":[34],"class_list":{"0":"post-416","1":"product","2":"type-product","3":"status-publish","4":"has-post-thumbnail","6":"product_cat-donate","7":"product_cat-shop","8":"product_tag-eur","10":"first","11":"instock","12":"virtual","13":"purchasable","14":"product-type-simple"},"_links":{"self":[{"href":"https:\/\/donate.stingcompanyfoundation.com\/index.php\/wp-json\/wp\/v2\/product\/416","targetHints":{"allow":["GET"]}}],"collection":[{"href":"https:\/\/donate.stingcompanyfoundation.com\/index.php\/wp-json\/wp\/v2\/product"}],"about":[{"href":"https:\/\/donate.stingcompanyfoundation.com\/index.php\/wp-json\/wp\/v2\/types\/product"}],"replies":[{"embeddable":true,"href":"https:\/\/donate.stingcompanyfoundation.com\/index.php\/wp-json\/wp\/v2\/comments?post=416"}],"version-history":[{"count":2,"href":"https:\/\/donate.stingcompanyfoundation.com\/index.php\/wp-json\/wp\/v2\/product\/416\/revisions"}],"predecessor-version":[{"id":418,"href":"https:\/\/donate.stingcompanyfoundation.com\/index.php\/wp-json\/wp\/v2\/product\/416\/revisions\/418"}],"wp:featuredmedia":[{"embeddable":true,"href":"https:\/\/donate.stingcompanyfoundation.com\/index.php\/wp-json\/wp\/v2\/media\/20"}],"wp:attachment":[{"href":"https:\/\/donate.stingcompanyfoundation.com\/index.php\/wp-json\/wp\/v2\/media?parent=416"}],"wp:term":[{"taxonomy":"product_brand","embeddable":true,"href":"https:\/\/donate.stingcompanyfoundation.com\/index.php\/wp-json\/wp\/v2\/product_brand?post=416"},{"taxonomy":"product_cat","embeddable":true,"href":"https:\/\/donate.stingcompanyfoundation.com\/index.php\/wp-json\/wp\/v2\/product_cat?post=416"},{"taxonomy":"product_tag","embeddable":true,"href":"https:\/\/donate.stingcompanyfoundation.com\/index.php\/wp-json\/wp\/v2\/product_tag?post=416"}],"curies":[{"name":"wp","href":"https:\/\/api.w.org\/{rel}","templated":true}]}}