{"id":295,"date":"2025-02-17T21:19:17","date_gmt":"2025-02-17T21:19:17","guid":{"rendered":"https:\/\/donate.stingcompanyfoundation.com\/index.php\/home\/"},"modified":"2025-02-17T22:35:31","modified_gmt":"2025-02-17T22:35:31","slug":"donate-now-darowizna","status":"publish","type":"page","link":"https:\/\/donate.stingcompanyfoundation.com\/","title":{"rendered":"Donate Now &#8211; Darowizna"},"content":{"rendered":"\t\t<div data-elementor-type=\"wp-page\" data-elementor-id=\"295\" class=\"elementor elementor-295\" data-elementor-post-type=\"page\">\n\t\t\t\t<div class=\"elementor-element elementor-element-6f885be e-con-full e-flex e-con e-parent\" data-id=\"6f885be\" data-element_type=\"container\" data-e-type=\"container\">\n\t\t<div class=\"elementor-element elementor-element-35d60903 e-con-full e-flex e-con e-child\" data-id=\"35d60903\" data-element_type=\"container\" data-e-type=\"container\">\n\t\t\t\t<div class=\"elementor-element elementor-element-73e87e6e elementor-invisible elementor-widget elementor-widget-heading\" data-id=\"73e87e6e\" data-element_type=\"widget\" data-e-type=\"widget\" data-settings=\"{&quot;_animation&quot;:&quot;fadeIn&quot;}\" data-widget_type=\"heading.default\">\n\t\t\t\t<div class=\"elementor-widget-container\">\n\t\t\t\t\t<h1 class=\"elementor-heading-title elementor-size-default\">Przeka\u017c Darowizn\u0119<\/h1>\t\t\t\t<\/div>\n\t\t\t\t<\/div>\n\t\t\t\t<div class=\"elementor-element elementor-element-440c4b76 elementor-invisible elementor-widget elementor-widget-text-editor\" data-id=\"440c4b76\" data-element_type=\"widget\" data-e-type=\"widget\" data-settings=\"{&quot;_animation&quot;:&quot;fadeIn&quot;,&quot;_animation_delay&quot;:200}\" data-widget_type=\"text-editor.default\">\n\t\t\t\t<div class=\"elementor-widget-container\">\n\t\t\t\t\t\t\t\t\t<p>Przeka\u017c Darowizn\u0119 i Wesprzyj Fundacj\u0119 Sting Company Foundation<\/p>\t\t\t\t\t\t\t\t<\/div>\n\t\t\t\t<\/div>\n\t\t\t\t<div class=\"elementor-element elementor-element-2696757d elementor-align-center elementor-invisible elementor-widget elementor-widget-button\" data-id=\"2696757d\" data-element_type=\"widget\" data-e-type=\"widget\" data-settings=\"{&quot;_animation&quot;:&quot;fadeIn&quot;,&quot;_animation_delay&quot;:400}\" data-widget_type=\"button.default\">\n\t\t\t\t<div class=\"elementor-widget-container\">\n\t\t\t\t\t\t\t\t\t<div class=\"elementor-button-wrapper\">\n\t\t\t\t\t<a class=\"elementor-button elementor-button-link elementor-size-sm\" href=\"https:\/\/donate.stingcompanyfoundation.com\/index.php\/produkt\/100-eur-donate-darowizna\/\">\n\t\t\t\t\t\t<span class=\"elementor-button-content-wrapper\">\n\t\t\t\t\t\t\t\t\t<span class=\"elementor-button-text\">Donate<\/span>\n\t\t\t\t\t<\/span>\n\t\t\t\t\t<\/a>\n\t\t\t\t<\/div>\n\t\t\t\t\t\t\t\t<\/div>\n\t\t\t\t<\/div>\n\t\t\t\t<\/div>\n\t\t<div class=\"elementor-element elementor-element-289df812 e-con-full e-flex e-con e-child\" data-id=\"289df812\" data-element_type=\"container\" data-e-type=\"container\" data-settings=\"{&quot;background_background&quot;:&quot;classic&quot;}\">\n\t\t\t\t<div class=\"elementor-element elementor-element-5dc6ee5c elementor-invisible elementor-widget elementor-widget-image\" data-id=\"5dc6ee5c\" data-element_type=\"widget\" data-e-type=\"widget\" data-settings=\"{&quot;_animation&quot;:&quot;zoomIn&quot;}\" data-widget_type=\"image.default\">\n\t\t\t\t<div class=\"elementor-widget-container\">\n\t\t\t\t\t\t\t\t\t\t\t\t\t\t\t<img decoding=\"async\" width=\"160\" height=\"160\" src=\"https:\/\/donate.stingcompanyfoundation.com\/wp-content\/uploads\/2025\/02\/StingCmp-fav.png\" class=\"attachment-large size-large wp-image-19\" alt=\"\" srcset=\"https:\/\/donate.stingcompanyfoundation.com\/wp-content\/uploads\/2025\/02\/StingCmp-fav.png 160w, https:\/\/donate.stingcompanyfoundation.com\/wp-content\/uploads\/2025\/02\/StingCmp-fav-150x150.png 150w\" sizes=\"(max-width: 160px) 100vw, 160px\" \/>\t\t\t\t\t\t\t\t\t\t\t\t\t\t\t<\/div>\n\t\t\t\t<\/div>\n\t\t\t\t<\/div>\n\t\t\t\t<\/div>\n\t\t<div class=\"elementor-element elementor-element-6f54fa45 e-flex e-con-boxed e-con e-parent\" data-id=\"6f54fa45\" data-element_type=\"container\" data-e-type=\"container\">\n\t\t\t\t\t<div class=\"e-con-inner\">\n\t\t<div class=\"elementor-element elementor-element-73256ed0 e-con-full e-flex e-con e-child\" data-id=\"73256ed0\" data-element_type=\"container\" data-e-type=\"container\">\n\t\t\t\t<div class=\"elementor-element elementor-element-887f02e elementor-widget elementor-widget-heading\" data-id=\"887f02e\" data-element_type=\"widget\" data-e-type=\"widget\" data-widget_type=\"heading.default\">\n\t\t\t\t<div class=\"elementor-widget-container\">\n\t\t\t\t\t<h2 class=\"elementor-heading-title elementor-size-default\">R\u00f3\u017cne wysoko\u015bci wsparcia<\/h2>\t\t\t\t<\/div>\n\t\t\t\t<\/div>\n\t\t\t\t<div class=\"elementor-element elementor-element-6277fb8b elementor-widget-tablet__width-inherit elementor-widget elementor-widget-text-editor\" data-id=\"6277fb8b\" data-element_type=\"widget\" data-e-type=\"widget\" data-widget_type=\"text-editor.default\">\n\t\t\t\t<div class=\"elementor-widget-container\">\n\t\t\t\t\t\t\t\t\t<p>Mo\u017cesz Wesprze\u0107 nasz\u0105 Fundacj\u0119 ka\u017cd\u0105 kwot\u0105! Ka\u017cdy pieni\u0105dz ma znaczenie!<\/p>\t\t\t\t\t\t\t\t<\/div>\n\t\t\t\t<\/div>\n\t\t\t\t<div class=\"elementor-element elementor-element-1dbe4431 elementor-align-center elementor-invisible elementor-widget elementor-widget-button\" data-id=\"1dbe4431\" data-element_type=\"widget\" data-e-type=\"widget\" data-settings=\"{&quot;_animation&quot;:&quot;fadeIn&quot;,&quot;_animation_delay&quot;:400}\" data-widget_type=\"button.default\">\n\t\t\t\t<div class=\"elementor-widget-container\">\n\t\t\t\t\t\t\t\t\t<div class=\"elementor-button-wrapper\">\n\t\t\t\t\t<a class=\"elementor-button elementor-button-link elementor-size-sm\" href=\"https:\/\/donate.stingcompanyfoundation.com\/index.php\/produkt\/100-eur-donate-darowizna\/\">\n\t\t\t\t\t\t<span class=\"elementor-button-content-wrapper\">\n\t\t\t\t\t\t\t\t\t<span class=\"elementor-button-text\"> Donate 100 EUR<\/span>\n\t\t\t\t\t<\/span>\n\t\t\t\t\t<\/a>\n\t\t\t\t<\/div>\n\t\t\t\t\t\t\t\t<\/div>\n\t\t\t\t<\/div>\n\t\t\t\t<\/div>\n\t\t<div class=\"elementor-element elementor-element-6bb93c82 e-con-full e-flex e-con e-child\" data-id=\"6bb93c82\" data-element_type=\"container\" data-e-type=\"container\">\n\t\t\t\t<div class=\"elementor-element elementor-element-473805b1 elementor-grid-2 elementor-product-loop-item--align-left elementor-grid-tablet-2 elementor-grid-mobile-1 elementor-widget-mobile__width-inherit elementor-product-loop-item--align-center elementor-product-loop-item--align-center elementor-products-grid elementor-wc-products elementor-widget elementor-widget-woocommerce-products\" data-id=\"473805b1\" data-element_type=\"widget\" data-e-type=\"widget\" data-widget_type=\"woocommerce-products.default\">\n\t\t\t\t<div class=\"elementor-widget-container\">\n\t\t\t\t\t<div class=\"woocommerce columns-2 \"><ul class=\"products elementor-grid columns-2\">\n<li class=\"product type-product post-422 status-publish first instock product_cat-donate product_cat-shop product_tag-eur has-post-thumbnail virtual purchasable product-type-simple\">\n\t<a href=\"https:\/\/donate.stingcompanyfoundation.com\/index.php\/produkt\/10m-eur-donate-darowizna\/\" class=\"woocommerce-LoopProduct-link woocommerce-loop-product__link\"><img fetchpriority=\"high\" decoding=\"async\" width=\"300\" height=\"300\" src=\"https:\/\/donate.stingcompanyfoundation.com\/wp-content\/uploads\/2025\/02\/StingCmp-Sygnet-RGB-scaled-300x300.jpg\" class=\"attachment-woocommerce_thumbnail size-woocommerce_thumbnail\" alt=\"10M EUR - Donate - Darowizna\" srcset=\"https:\/\/donate.stingcompanyfoundation.com\/wp-content\/uploads\/2025\/02\/StingCmp-Sygnet-RGB-scaled-300x300.jpg 300w, https:\/\/donate.stingcompanyfoundation.com\/wp-content\/uploads\/2025\/02\/StingCmp-Sygnet-RGB-150x150.jpg 150w\" sizes=\"(max-width: 300px) 100vw, 300px\" \/><h2 class=\"woocommerce-loop-product__title\">10M EUR &#8211; Donate &#8211; Darowizna<\/h2>\n\t<span class=\"price\"><span class=\"woocommerce-Price-amount amount\"><bdi>2,465,150.00&nbsp;<span class=\"woocommerce-Price-currencySymbol\">&euro;<\/span><\/bdi><\/span><\/span>\n<\/a><a href=\"\/index.php\/wp-json\/wp\/v2\/pages\/295?add-to-cart=422\" aria-describedby=\"woocommerce_loop_add_to_cart_link_describedby_422\" data-quantity=\"1\" class=\"button wp-element-button product_type_simple add_to_cart_button ajax_add_to_cart\" data-product_id=\"422\" data-product_sku=\"211852-10-1-4-1\" aria-label=\"Dodaj do koszyka: &bdquo;10M EUR - Donate - Darowizna&rdquo;\" rel=\"nofollow\" data-success_message=\"&ldquo;10M EUR - Donate - Darowizna&rdquo; zosta\u0142 dodany do twojego koszyka\">Dodaj do koszyka<\/a>\t<span id=\"woocommerce_loop_add_to_cart_link_describedby_422\" class=\"screen-reader-text\">\n\t\t\t<\/span>\n<\/li>\n<li class=\"product type-product post-426 status-publish last instock product_cat-donate product_cat-shop product_tag-eur has-post-thumbnail virtual purchasable product-type-simple\">\n\t<a href=\"https:\/\/donate.stingcompanyfoundation.com\/index.php\/produkt\/500k-eur-donate-darowizna-kopia\/\" class=\"woocommerce-LoopProduct-link woocommerce-loop-product__link\"><img decoding=\"async\" width=\"300\" height=\"300\" src=\"https:\/\/donate.stingcompanyfoundation.com\/wp-content\/uploads\/2025\/02\/StingCmp-Sygnet-RGB-scaled-300x300.jpg\" class=\"attachment-woocommerce_thumbnail size-woocommerce_thumbnail\" alt=\"500K EUR - Donate - Darowizna\" srcset=\"https:\/\/donate.stingcompanyfoundation.com\/wp-content\/uploads\/2025\/02\/StingCmp-Sygnet-RGB-scaled-300x300.jpg 300w, https:\/\/donate.stingcompanyfoundation.com\/wp-content\/uploads\/2025\/02\/StingCmp-Sygnet-RGB-150x150.jpg 150w\" sizes=\"(max-width: 300px) 100vw, 300px\" \/><h2 class=\"woocommerce-loop-product__title\">500K EUR &#8211; Donate &#8211; Darowizna<\/h2>\n\t<span class=\"price\"><span class=\"woocommerce-Price-amount amount\"><bdi>123,257.50&nbsp;<span class=\"woocommerce-Price-currencySymbol\">&euro;<\/span><\/bdi><\/span><\/span>\n<\/a><a href=\"\/index.php\/wp-json\/wp\/v2\/pages\/295?add-to-cart=426\" aria-describedby=\"woocommerce_loop_add_to_cart_link_describedby_426\" data-quantity=\"1\" class=\"button wp-element-button product_type_simple add_to_cart_button ajax_add_to_cart\" data-product_id=\"426\" data-product_sku=\"211852-10-1-3-1-1\" aria-label=\"Dodaj do koszyka: &bdquo;500K EUR - Donate - Darowizna&rdquo;\" rel=\"nofollow\" data-success_message=\"&ldquo;500K EUR - Donate - Darowizna&rdquo; zosta\u0142 dodany do twojego koszyka\">Dodaj do koszyka<\/a>\t<span id=\"woocommerce_loop_add_to_cart_link_describedby_426\" class=\"screen-reader-text\">\n\t\t\t<\/span>\n<\/li>\n<\/ul>\n<\/div>\t\t\t\t<\/div>\n\t\t\t\t<\/div>\n\t\t\t\t<\/div>\n\t\t\t\t<div class=\"elementor-element elementor-element-58a2bd79 elementor-grid-3 elementor-product-loop-item--align-left elementor-grid-mobile-1 elementor-widget__width-inherit elementor-product-loop-item--align-center elementor-grid-tablet-3 elementor-products-grid elementor-wc-products elementor-widget elementor-widget-woocommerce-products\" data-id=\"58a2bd79\" data-element_type=\"widget\" data-e-type=\"widget\" data-widget_type=\"woocommerce-products.default\">\n\t\t\t\t<div class=\"elementor-widget-container\">\n\t\t\t\t\t<div class=\"woocommerce columns-3 \"><ul class=\"products elementor-grid columns-3\">\n<li class=\"product type-product post-559 status-publish first instock product_cat-donate product_cat-shop product_tag-eur has-post-thumbnail virtual purchasable product-type-simple\">\n\t<a href=\"https:\/\/donate.stingcompanyfoundation.com\/index.php\/produkt\/22pln-eur-donate-darowizna-kopia\/\" class=\"woocommerce-LoopProduct-link woocommerce-loop-product__link\"><img loading=\"lazy\" decoding=\"async\" width=\"300\" height=\"300\" src=\"https:\/\/donate.stingcompanyfoundation.com\/wp-content\/uploads\/2025\/02\/StingCmp-Sygnet-RGB-scaled-300x300.jpg\" class=\"attachment-woocommerce_thumbnail size-woocommerce_thumbnail\" alt=\"10M PLN - Donate - Darowizna\" srcset=\"https:\/\/donate.stingcompanyfoundation.com\/wp-content\/uploads\/2025\/02\/StingCmp-Sygnet-RGB-scaled-300x300.jpg 300w, https:\/\/donate.stingcompanyfoundation.com\/wp-content\/uploads\/2025\/02\/StingCmp-Sygnet-RGB-150x150.jpg 150w\" sizes=\"(max-width: 300px) 100vw, 300px\" \/><h2 class=\"woocommerce-loop-product__title\">10M PLN &#8211; Donate &#8211; Darowizna<\/h2>\n\t<span class=\"price\"><span class=\"woocommerce-Price-amount amount\"><bdi>2,465,150.00&nbsp;<span class=\"woocommerce-Price-currencySymbol\">&euro;<\/span><\/bdi><\/span><\/span>\n<\/a><a href=\"\/index.php\/wp-json\/wp\/v2\/pages\/295?add-to-cart=559\" aria-describedby=\"woocommerce_loop_add_to_cart_link_describedby_559\" data-quantity=\"1\" class=\"button wp-element-button product_type_simple add_to_cart_button ajax_add_to_cart\" data-product_id=\"559\" data-product_sku=\"211852-10-1-4-1-1-1\" aria-label=\"Dodaj do koszyka: &bdquo;10M PLN - Donate - Darowizna&rdquo;\" rel=\"nofollow\" data-success_message=\"&ldquo;10M PLN - Donate - Darowizna&rdquo; zosta\u0142 dodany do twojego koszyka\">Dodaj do koszyka<\/a>\t<span id=\"woocommerce_loop_add_to_cart_link_describedby_559\" class=\"screen-reader-text\">\n\t\t\t<\/span>\n<\/li>\n<li class=\"product type-product post-550 status-publish instock product_cat-donate product_cat-shop product_tag-eur has-post-thumbnail virtual purchasable product-type-simple\">\n\t<a href=\"https:\/\/donate.stingcompanyfoundation.com\/index.php\/produkt\/5m-eur-donate-darowizna\/\" class=\"woocommerce-LoopProduct-link woocommerce-loop-product__link\"><img loading=\"lazy\" decoding=\"async\" width=\"300\" height=\"300\" src=\"https:\/\/donate.stingcompanyfoundation.com\/wp-content\/uploads\/2025\/02\/StingCmp-Sygnet-RGB-scaled-300x300.jpg\" class=\"attachment-woocommerce_thumbnail size-woocommerce_thumbnail\" alt=\"5M EUR - Donate - Darowizna\" srcset=\"https:\/\/donate.stingcompanyfoundation.com\/wp-content\/uploads\/2025\/02\/StingCmp-Sygnet-RGB-scaled-300x300.jpg 300w, https:\/\/donate.stingcompanyfoundation.com\/wp-content\/uploads\/2025\/02\/StingCmp-Sygnet-RGB-150x150.jpg 150w\" sizes=\"(max-width: 300px) 100vw, 300px\" \/><h2 class=\"woocommerce-loop-product__title\">5M EUR &#8211; Donate &#8211; Darowizna<\/h2>\n\t<span class=\"price\"><span class=\"woocommerce-Price-amount amount\"><bdi>1,232,575.00&nbsp;<span class=\"woocommerce-Price-currencySymbol\">&euro;<\/span><\/bdi><\/span><\/span>\n<\/a><a href=\"\/index.php\/wp-json\/wp\/v2\/pages\/295?add-to-cart=550\" aria-describedby=\"woocommerce_loop_add_to_cart_link_describedby_550\" data-quantity=\"1\" class=\"button wp-element-button product_type_simple add_to_cart_button ajax_add_to_cart\" data-product_id=\"550\" data-product_sku=\"211852-10-1-4-1-1\" aria-label=\"Dodaj do koszyka: &bdquo;5M EUR - Donate - Darowizna&rdquo;\" rel=\"nofollow\" data-success_message=\"&ldquo;5M EUR - Donate - Darowizna&rdquo; zosta\u0142 dodany do twojego koszyka\">Dodaj do koszyka<\/a>\t<span id=\"woocommerce_loop_add_to_cart_link_describedby_550\" class=\"screen-reader-text\">\n\t\t\t<\/span>\n<\/li>\n<li class=\"product type-product post-419 status-publish last instock product_cat-donate product_cat-shop product_tag-eur has-post-thumbnail virtual purchasable product-type-simple\">\n\t<a href=\"https:\/\/donate.stingcompanyfoundation.com\/index.php\/produkt\/1m-eur-donate-darowizna\/\" class=\"woocommerce-LoopProduct-link woocommerce-loop-product__link\"><img loading=\"lazy\" decoding=\"async\" width=\"300\" height=\"300\" src=\"https:\/\/donate.stingcompanyfoundation.com\/wp-content\/uploads\/2025\/02\/StingCmp-Sygnet-RGB-scaled-300x300.jpg\" class=\"attachment-woocommerce_thumbnail size-woocommerce_thumbnail\" alt=\"1M EUR - Donate - Darowizna\" srcset=\"https:\/\/donate.stingcompanyfoundation.com\/wp-content\/uploads\/2025\/02\/StingCmp-Sygnet-RGB-scaled-300x300.jpg 300w, https:\/\/donate.stingcompanyfoundation.com\/wp-content\/uploads\/2025\/02\/StingCmp-Sygnet-RGB-150x150.jpg 150w\" sizes=\"(max-width: 300px) 100vw, 300px\" \/><h2 class=\"woocommerce-loop-product__title\">1M EUR &#8211; Donate &#8211; Darowizna<\/h2>\n\t<span class=\"price\"><span class=\"woocommerce-Price-amount amount\"><bdi>246,515.00&nbsp;<span class=\"woocommerce-Price-currencySymbol\">&euro;<\/span><\/bdi><\/span><\/span>\n<\/a><a href=\"\/index.php\/wp-json\/wp\/v2\/pages\/295?add-to-cart=419\" aria-describedby=\"woocommerce_loop_add_to_cart_link_describedby_419\" data-quantity=\"1\" class=\"button wp-element-button product_type_simple add_to_cart_button ajax_add_to_cart\" data-product_id=\"419\" data-product_sku=\"211852-10-1-4\" aria-label=\"Dodaj do koszyka: &bdquo;1M EUR - Donate - Darowizna&rdquo;\" rel=\"nofollow\" data-success_message=\"&ldquo;1M EUR - Donate - Darowizna&rdquo; zosta\u0142 dodany do twojego koszyka\">Dodaj do koszyka<\/a>\t<span id=\"woocommerce_loop_add_to_cart_link_describedby_419\" class=\"screen-reader-text\">\n\t\t\t<\/span>\n<\/li>\n<li class=\"product type-product post-424 status-publish first instock product_cat-donate product_cat-shop product_tag-eur has-post-thumbnail virtual purchasable product-type-simple\">\n\t<a href=\"https:\/\/donate.stingcompanyfoundation.com\/index.php\/produkt\/100k-eur-donate-darowizna\/\" class=\"woocommerce-LoopProduct-link woocommerce-loop-product__link\"><img loading=\"lazy\" decoding=\"async\" width=\"300\" height=\"300\" src=\"https:\/\/donate.stingcompanyfoundation.com\/wp-content\/uploads\/2025\/02\/StingCmp-Sygnet-RGB-scaled-300x300.jpg\" class=\"attachment-woocommerce_thumbnail size-woocommerce_thumbnail\" alt=\"100K EUR - Donate - Darowizna\" srcset=\"https:\/\/donate.stingcompanyfoundation.com\/wp-content\/uploads\/2025\/02\/StingCmp-Sygnet-RGB-scaled-300x300.jpg 300w, https:\/\/donate.stingcompanyfoundation.com\/wp-content\/uploads\/2025\/02\/StingCmp-Sygnet-RGB-150x150.jpg 150w\" sizes=\"(max-width: 300px) 100vw, 300px\" \/><h2 class=\"woocommerce-loop-product__title\">100K EUR &#8211; Donate &#8211; Darowizna<\/h2>\n\t<span class=\"price\"><span class=\"woocommerce-Price-amount amount\"><bdi>24,651.50&nbsp;<span class=\"woocommerce-Price-currencySymbol\">&euro;<\/span><\/bdi><\/span><\/span>\n<\/a><a href=\"\/index.php\/wp-json\/wp\/v2\/pages\/295?add-to-cart=424\" aria-describedby=\"woocommerce_loop_add_to_cart_link_describedby_424\" data-quantity=\"1\" class=\"button wp-element-button product_type_simple add_to_cart_button ajax_add_to_cart\" data-product_id=\"424\" data-product_sku=\"211852-10-1-3-1\" aria-label=\"Dodaj do koszyka: &bdquo;100K EUR - Donate - Darowizna&rdquo;\" rel=\"nofollow\" data-success_message=\"&ldquo;100K EUR - Donate - Darowizna&rdquo; zosta\u0142 dodany do twojego koszyka\">Dodaj do koszyka<\/a>\t<span id=\"woocommerce_loop_add_to_cart_link_describedby_424\" class=\"screen-reader-text\">\n\t\t\t<\/span>\n<\/li>\n<li class=\"product type-product post-416 status-publish instock product_cat-donate product_cat-shop product_tag-eur has-post-thumbnail virtual purchasable product-type-simple\">\n\t<a href=\"https:\/\/donate.stingcompanyfoundation.com\/index.php\/produkt\/10k-eur-donate-darowizna-2\/\" class=\"woocommerce-LoopProduct-link woocommerce-loop-product__link\"><img loading=\"lazy\" decoding=\"async\" width=\"300\" height=\"300\" src=\"https:\/\/donate.stingcompanyfoundation.com\/wp-content\/uploads\/2025\/02\/StingCmp-Sygnet-RGB-scaled-300x300.jpg\" class=\"attachment-woocommerce_thumbnail size-woocommerce_thumbnail\" alt=\"10K EUR - Donate - Darowizna\" srcset=\"https:\/\/donate.stingcompanyfoundation.com\/wp-content\/uploads\/2025\/02\/StingCmp-Sygnet-RGB-scaled-300x300.jpg 300w, https:\/\/donate.stingcompanyfoundation.com\/wp-content\/uploads\/2025\/02\/StingCmp-Sygnet-RGB-150x150.jpg 150w\" sizes=\"(max-width: 300px) 100vw, 300px\" \/><h2 class=\"woocommerce-loop-product__title\">10K EUR &#8211; Donate &#8211; Darowizna<\/h2>\n\t<span class=\"price\"><span class=\"woocommerce-Price-amount amount\"><bdi>2,465.15&nbsp;<span class=\"woocommerce-Price-currencySymbol\">&euro;<\/span><\/bdi><\/span><\/span>\n<\/a><a href=\"\/index.php\/wp-json\/wp\/v2\/pages\/295?add-to-cart=416\" aria-describedby=\"woocommerce_loop_add_to_cart_link_describedby_416\" data-quantity=\"1\" class=\"button wp-element-button product_type_simple add_to_cart_button ajax_add_to_cart\" data-product_id=\"416\" data-product_sku=\"211852-10-1-3\" aria-label=\"Dodaj do koszyka: &bdquo;10K EUR - Donate - Darowizna&rdquo;\" rel=\"nofollow\" data-success_message=\"&ldquo;10K EUR - Donate - Darowizna&rdquo; zosta\u0142 dodany do twojego koszyka\">Dodaj do koszyka<\/a>\t<span id=\"woocommerce_loop_add_to_cart_link_describedby_416\" class=\"screen-reader-text\">\n\t\t\t<\/span>\n<\/li>\n<li class=\"product type-product post-412 status-publish last instock product_cat-donate product_cat-shop product_tag-eur has-post-thumbnail virtual purchasable product-type-simple\">\n\t<a href=\"https:\/\/donate.stingcompanyfoundation.com\/index.php\/produkt\/5k-eur-donate-darowizna\/\" class=\"woocommerce-LoopProduct-link woocommerce-loop-product__link\"><img loading=\"lazy\" decoding=\"async\" width=\"300\" height=\"300\" src=\"https:\/\/donate.stingcompanyfoundation.com\/wp-content\/uploads\/2025\/02\/StingCmp-Sygnet-RGB-scaled-300x300.jpg\" class=\"attachment-woocommerce_thumbnail size-woocommerce_thumbnail\" alt=\"5K EUR - Donate - Darowizna\" srcset=\"https:\/\/donate.stingcompanyfoundation.com\/wp-content\/uploads\/2025\/02\/StingCmp-Sygnet-RGB-scaled-300x300.jpg 300w, https:\/\/donate.stingcompanyfoundation.com\/wp-content\/uploads\/2025\/02\/StingCmp-Sygnet-RGB-150x150.jpg 150w\" sizes=\"(max-width: 300px) 100vw, 300px\" \/><h2 class=\"woocommerce-loop-product__title\">5K EUR &#8211; Donate &#8211; Darowizna<\/h2>\n\t<span class=\"price\"><span class=\"woocommerce-Price-amount amount\"><bdi>1,232.58&nbsp;<span class=\"woocommerce-Price-currencySymbol\">&euro;<\/span><\/bdi><\/span><\/span>\n<\/a><a href=\"\/index.php\/wp-json\/wp\/v2\/pages\/295?add-to-cart=412\" aria-describedby=\"woocommerce_loop_add_to_cart_link_describedby_412\" data-quantity=\"1\" class=\"button wp-element-button product_type_simple add_to_cart_button ajax_add_to_cart\" data-product_id=\"412\" data-product_sku=\"211852-10-1-2\" aria-label=\"Dodaj do koszyka: &bdquo;5K EUR - Donate - Darowizna&rdquo;\" rel=\"nofollow\" data-success_message=\"&ldquo;5K EUR - Donate - Darowizna&rdquo; zosta\u0142 dodany do twojego koszyka\">Dodaj do koszyka<\/a>\t<span id=\"woocommerce_loop_add_to_cart_link_describedby_412\" class=\"screen-reader-text\">\n\t\t\t<\/span>\n<\/li>\n<\/ul>\n<\/div>\t\t\t\t<\/div>\n\t\t\t\t<\/div>\n\t\t\t\t\t<\/div>\n\t\t\t\t<\/div>\n\t\t\t\t<\/div>\n\t\t","protected":false},"excerpt":{"rendered":"<p>Przeka\u017c Darowizn\u0119 Przeka\u017c Darowizn\u0119 i Wesprzyj Fundacj\u0119 Sting Company Foundation Donate R\u00f3\u017cne wysoko\u015bci wsparcia Mo\u017cesz Wesprze\u0107 nasz\u0105 Fundacj\u0119 ka\u017cd\u0105 kwot\u0105! Ka\u017cdy pieni\u0105dz ma znaczenie! Donate 100 EUR<\/p>\n","protected":false},"author":2,"featured_media":300,"parent":0,"menu_order":0,"comment_status":"closed","ping_status":"closed","template":"elementor_header_footer","meta":{"footnotes":""},"class_list":["post-295","page","type-page","status-publish","has-post-thumbnail","hentry"],"_links":{"self":[{"href":"https:\/\/donate.stingcompanyfoundation.com\/index.php\/wp-json\/wp\/v2\/pages\/295","targetHints":{"allow":["GET"]}}],"collection":[{"href":"https:\/\/donate.stingcompanyfoundation.com\/index.php\/wp-json\/wp\/v2\/pages"}],"about":[{"href":"https:\/\/donate.stingcompanyfoundation.com\/index.php\/wp-json\/wp\/v2\/types\/page"}],"author":[{"embeddable":true,"href":"https:\/\/donate.stingcompanyfoundation.com\/index.php\/wp-json\/wp\/v2\/users\/2"}],"replies":[{"embeddable":true,"href":"https:\/\/donate.stingcompanyfoundation.com\/index.php\/wp-json\/wp\/v2\/comments?post=295"}],"version-history":[{"count":33,"href":"https:\/\/donate.stingcompanyfoundation.com\/index.php\/wp-json\/wp\/v2\/pages\/295\/revisions"}],"predecessor-version":[{"id":475,"href":"https:\/\/donate.stingcompanyfoundation.com\/index.php\/wp-json\/wp\/v2\/pages\/295\/revisions\/475"}],"wp:featuredmedia":[{"embeddable":true,"href":"https:\/\/donate.stingcompanyfoundation.com\/index.php\/wp-json\/wp\/v2\/media\/300"}],"wp:attachment":[{"href":"https:\/\/donate.stingcompanyfoundation.com\/index.php\/wp-json\/wp\/v2\/media?parent=295"}],"curies":[{"name":"wp","href":"https:\/\/api.w.org\/{rel}","templated":true}]}}